{"id":2042,"date":"2019-09-11T19:26:17","date_gmt":"2019-09-11T17:26:17","guid":{"rendered":"https:\/\/www.odvno.nl\/?page_id=2042"},"modified":"2021-11-06T17:01:38","modified_gmt":"2021-11-06T15:01:38","slug":"bergwandeling-2019","status":"publish","type":"page","link":"https:\/\/www.odvno.nl\/?page_id=2042","title":{"rendered":"2019 Bergwandeling"},"content":{"rendered":"<p><!-- default-view.php -->\n<div\n\tclass=\"ngg-galleryoverview default-view \"\n\tid=\"ngg-gallery-0501e2b59da774e0bc9613e32029c2e2-1\">\n\n\t\t<!-- Thumbnails -->\n\t\t\t\t<div id=\"ngg-image-0\" class=\"ngg-gallery-thumbnail-box \" >\n\t\t\t\t        <div class=\"ngg-gallery-thumbnail\">\n            <a href=\"https:\/\/www.odvno.nl\/wp-content\/gallery\/fotos-bergwandeling-2019\/IMG_2765kopie.jpg\"\n               title=\"\"\n               data-src=\"https:\/\/www.odvno.nl\/wp-content\/gallery\/fotos-bergwandeling-2019\/IMG_2765kopie.jpg\"\n               data-thumbnail=\"https:\/\/www.odvno.nl\/wp-content\/gallery\/fotos-bergwandeling-2019\/thumbs\/thumbs_IMG_2765kopie.jpg\"\n               data-image-id=\"4010\"\n               data-title=\"IMG_2765kopie\"\n               data-description=\"\"\n               data-image-slug=\"img_2765kopie\"\n               class=\"ngg-simplelightbox\" rel=\"0501e2b59da774e0bc9613e32029c2e2\">\n                <img\n                    title=\"IMG_2765kopie\"\n                    alt=\"IMG_2765kopie\"\n                    src=\"https:\/\/www.odvno.nl\/wp-content\/gallery\/fotos-bergwandeling-2019\/thumbs\/thumbs_IMG_2765kopie.jpg\"\n                    width=\"240\"\n                    height=\"160\"\n                    style=\"max-width:100%;\"\n                \/>\n            <\/a>\n        <\/div>\n\t\t\t\t\t\t\t<\/div> \n\t\t\t\n\t\t\t\t<div id=\"ngg-image-1\" class=\"ngg-gallery-thumbnail-box \" >\n\t\t\t\t        <div class=\"ngg-gallery-thumbnail\">\n            <a href=\"https:\/\/www.odvno.nl\/wp-content\/gallery\/fotos-bergwandeling-2019\/IMG_3254.JPG\"\n               title=\"\"\n               data-src=\"https:\/\/www.odvno.nl\/wp-content\/gallery\/fotos-bergwandeling-2019\/IMG_3254.JPG\"\n               data-thumbnail=\"https:\/\/www.odvno.nl\/wp-content\/gallery\/fotos-bergwandeling-2019\/thumbs\/thumbs_IMG_3254.JPG\"\n               data-image-id=\"4020\"\n               data-title=\"IMG_3254\"\n               data-description=\"\"\n               data-image-slug=\"img_3254\"\n               class=\"ngg-simplelightbox\" rel=\"0501e2b59da774e0bc9613e32029c2e2\">\n                <img\n                    title=\"IMG_3254\"\n                    alt=\"IMG_3254\"\n                    src=\"https:\/\/www.odvno.nl\/wp-content\/gallery\/fotos-bergwandeling-2019\/thumbs\/thumbs_IMG_3254.JPG\"\n                    width=\"240\"\n                    height=\"160\"\n                    style=\"max-width:100%;\"\n                \/>\n            <\/a>\n        <\/div>\n\t\t\t\t\t\t\t<\/div> \n\t\t\t\n\t\t\t\t<div id=\"ngg-image-2\" class=\"ngg-gallery-thumbnail-box \" >\n\t\t\t\t        <div class=\"ngg-gallery-thumbnail\">\n            <a href=\"https:\/\/www.odvno.nl\/wp-content\/gallery\/fotos-bergwandeling-2019\/IMG_2830.JPG\"\n               title=\"\"\n               data-src=\"https:\/\/www.odvno.nl\/wp-content\/gallery\/fotos-bergwandeling-2019\/IMG_2830.JPG\"\n               data-thumbnail=\"https:\/\/www.odvno.nl\/wp-content\/gallery\/fotos-bergwandeling-2019\/thumbs\/thumbs_IMG_2830.JPG\"\n               data-image-id=\"4011\"\n               data-title=\"IMG_2830\"\n               data-description=\"\"\n               data-image-slug=\"img_2830\"\n               class=\"ngg-simplelightbox\" rel=\"0501e2b59da774e0bc9613e32029c2e2\">\n                <img\n                    title=\"IMG_2830\"\n                    alt=\"IMG_2830\"\n                    src=\"https:\/\/www.odvno.nl\/wp-content\/gallery\/fotos-bergwandeling-2019\/thumbs\/thumbs_IMG_2830.JPG\"\n                    width=\"240\"\n                    height=\"160\"\n                    style=\"max-width:100%;\"\n                \/>\n            <\/a>\n        <\/div>\n\t\t\t\t\t\t\t<\/div> \n\t\t\t\n\t\t\t\t<div id=\"ngg-image-3\" class=\"ngg-gallery-thumbnail-box \" >\n\t\t\t\t        <div class=\"ngg-gallery-thumbnail\">\n            <a href=\"https:\/\/www.odvno.nl\/wp-content\/gallery\/fotos-bergwandeling-2019\/IMG_0303.JPEG\"\n               title=\"\"\n               data-src=\"https:\/\/www.odvno.nl\/wp-content\/gallery\/fotos-bergwandeling-2019\/IMG_0303.JPEG\"\n               data-thumbnail=\"https:\/\/www.odvno.nl\/wp-content\/gallery\/fotos-bergwandeling-2019\/thumbs\/thumbs_IMG_0303.JPEG\"\n               data-image-id=\"4009\"\n               data-title=\"IMG_0303\"\n               data-description=\"\"\n               data-image-slug=\"img_0303\"\n               class=\"ngg-simplelightbox\" rel=\"0501e2b59da774e0bc9613e32029c2e2\">\n                <img\n                    title=\"IMG_0303\"\n                    alt=\"IMG_0303\"\n                    src=\"https:\/\/www.odvno.nl\/wp-content\/gallery\/fotos-bergwandeling-2019\/thumbs\/thumbs_IMG_0303.JPEG\"\n                    width=\"240\"\n                    height=\"160\"\n                    style=\"max-width:100%;\"\n                \/>\n            <\/a>\n        <\/div>\n\t\t\t\t\t\t\t<\/div> \n\t\t\t\n\t\t\t\t<div id=\"ngg-image-4\" class=\"ngg-gallery-thumbnail-box \" >\n\t\t\t\t        <div class=\"ngg-gallery-thumbnail\">\n            <a href=\"https:\/\/www.odvno.nl\/wp-content\/gallery\/fotos-bergwandeling-2019\/IMG_3340.JPG\"\n               title=\"\"\n               data-src=\"https:\/\/www.odvno.nl\/wp-content\/gallery\/fotos-bergwandeling-2019\/IMG_3340.JPG\"\n               data-thumbnail=\"https:\/\/www.odvno.nl\/wp-content\/gallery\/fotos-bergwandeling-2019\/thumbs\/thumbs_IMG_3340.JPG\"\n               data-image-id=\"4021\"\n               data-title=\"IMG_3340\"\n               data-description=\"\"\n               data-image-slug=\"img_3340\"\n               class=\"ngg-simplelightbox\" rel=\"0501e2b59da774e0bc9613e32029c2e2\">\n                <img\n                    title=\"IMG_3340\"\n                    alt=\"IMG_3340\"\n                    src=\"https:\/\/www.odvno.nl\/wp-content\/gallery\/fotos-bergwandeling-2019\/thumbs\/thumbs_IMG_3340.JPG\"\n                    width=\"240\"\n                    height=\"160\"\n                    style=\"max-width:100%;\"\n                \/>\n            <\/a>\n        <\/div>\n\t\t\t\t\t\t\t<\/div> \n\t\t\t\n\t\t\t\t<div id=\"ngg-image-5\" class=\"ngg-gallery-thumbnail-box \" >\n\t\t\t\t        <div class=\"ngg-gallery-thumbnail\">\n            <a href=\"https:\/\/www.odvno.nl\/wp-content\/gallery\/fotos-bergwandeling-2019\/0c878171-8008-4a2f-bbae-9b04806575d1.jpg\"\n               title=\"\"\n               data-src=\"https:\/\/www.odvno.nl\/wp-content\/gallery\/fotos-bergwandeling-2019\/0c878171-8008-4a2f-bbae-9b04806575d1.jpg\"\n               data-thumbnail=\"https:\/\/www.odvno.nl\/wp-content\/gallery\/fotos-bergwandeling-2019\/thumbs\/thumbs_0c878171-8008-4a2f-bbae-9b04806575d1.jpg\"\n               data-image-id=\"4012\"\n               data-title=\"0c878171-8008-4a2f-bbae-9b04806575d1\"\n               data-description=\"\"\n               data-image-slug=\"0c878171-8008-4a2f-bbae-9b04806575d1\"\n               class=\"ngg-simplelightbox\" rel=\"0501e2b59da774e0bc9613e32029c2e2\">\n                <img\n                    title=\"0c878171-8008-4a2f-bbae-9b04806575d1\"\n                    alt=\"0c878171-8008-4a2f-bbae-9b04806575d1\"\n                    src=\"https:\/\/www.odvno.nl\/wp-content\/gallery\/fotos-bergwandeling-2019\/thumbs\/thumbs_0c878171-8008-4a2f-bbae-9b04806575d1.jpg\"\n                    width=\"240\"\n                    height=\"160\"\n                    style=\"max-width:100%;\"\n                \/>\n            <\/a>\n        <\/div>\n\t\t\t\t\t\t\t<\/div> \n\t\t\t\n\t\t\t\t<div id=\"ngg-image-6\" class=\"ngg-gallery-thumbnail-box \" >\n\t\t\t\t        <div class=\"ngg-gallery-thumbnail\">\n            <a href=\"https:\/\/www.odvno.nl\/wp-content\/gallery\/fotos-bergwandeling-2019\/3a32debd-b2bf-419a-a800-37893d4248bc.JPG\"\n               title=\"\"\n               data-src=\"https:\/\/www.odvno.nl\/wp-content\/gallery\/fotos-bergwandeling-2019\/3a32debd-b2bf-419a-a800-37893d4248bc.JPG\"\n               data-thumbnail=\"https:\/\/www.odvno.nl\/wp-content\/gallery\/fotos-bergwandeling-2019\/thumbs\/thumbs_3a32debd-b2bf-419a-a800-37893d4248bc.JPG\"\n               data-image-id=\"4013\"\n               data-title=\"3a32debd-b2bf-419a-a800-37893d4248bc\"\n               data-description=\"\"\n               data-image-slug=\"3a32debd-b2bf-419a-a800-37893d4248bc\"\n               class=\"ngg-simplelightbox\" rel=\"0501e2b59da774e0bc9613e32029c2e2\">\n                <img\n                    title=\"3a32debd-b2bf-419a-a800-37893d4248bc\"\n                    alt=\"3a32debd-b2bf-419a-a800-37893d4248bc\"\n                    src=\"https:\/\/www.odvno.nl\/wp-content\/gallery\/fotos-bergwandeling-2019\/thumbs\/thumbs_3a32debd-b2bf-419a-a800-37893d4248bc.JPG\"\n                    width=\"240\"\n                    height=\"160\"\n                    style=\"max-width:100%;\"\n                \/>\n            <\/a>\n        <\/div>\n\t\t\t\t\t\t\t<\/div> \n\t\t\t\n\t\t\t\t<div id=\"ngg-image-7\" class=\"ngg-gallery-thumbnail-box \" >\n\t\t\t\t        <div class=\"ngg-gallery-thumbnail\">\n            <a href=\"https:\/\/www.odvno.nl\/wp-content\/gallery\/fotos-bergwandeling-2019\/8a0b81e2-ea8e-4de7-8482-0f61e56e022e.JPG\"\n               title=\"\"\n               data-src=\"https:\/\/www.odvno.nl\/wp-content\/gallery\/fotos-bergwandeling-2019\/8a0b81e2-ea8e-4de7-8482-0f61e56e022e.JPG\"\n               data-thumbnail=\"https:\/\/www.odvno.nl\/wp-content\/gallery\/fotos-bergwandeling-2019\/thumbs\/thumbs_8a0b81e2-ea8e-4de7-8482-0f61e56e022e.JPG\"\n               data-image-id=\"4014\"\n               data-title=\"8a0b81e2-ea8e-4de7-8482-0f61e56e022e\"\n               data-description=\"\"\n               data-image-slug=\"8a0b81e2-ea8e-4de7-8482-0f61e56e022e\"\n               class=\"ngg-simplelightbox\" rel=\"0501e2b59da774e0bc9613e32029c2e2\">\n                <img\n                    title=\"8a0b81e2-ea8e-4de7-8482-0f61e56e022e\"\n                    alt=\"8a0b81e2-ea8e-4de7-8482-0f61e56e022e\"\n                    src=\"https:\/\/www.odvno.nl\/wp-content\/gallery\/fotos-bergwandeling-2019\/thumbs\/thumbs_8a0b81e2-ea8e-4de7-8482-0f61e56e022e.JPG\"\n                    width=\"240\"\n                    height=\"160\"\n                    style=\"max-width:100%;\"\n                \/>\n            <\/a>\n        <\/div>\n\t\t\t\t\t\t\t<\/div> \n\t\t\t\n\t\t\t\t<div id=\"ngg-image-8\" class=\"ngg-gallery-thumbnail-box \" >\n\t\t\t\t        <div class=\"ngg-gallery-thumbnail\">\n            <a href=\"https:\/\/www.odvno.nl\/wp-content\/gallery\/fotos-bergwandeling-2019\/60c6d62c-a763-4688-ad4e-f425a3d5d2dd.JPG\"\n               title=\"\"\n               data-src=\"https:\/\/www.odvno.nl\/wp-content\/gallery\/fotos-bergwandeling-2019\/60c6d62c-a763-4688-ad4e-f425a3d5d2dd.JPG\"\n               data-thumbnail=\"https:\/\/www.odvno.nl\/wp-content\/gallery\/fotos-bergwandeling-2019\/thumbs\/thumbs_60c6d62c-a763-4688-ad4e-f425a3d5d2dd.JPG\"\n               data-image-id=\"4015\"\n               data-title=\"60c6d62c-a763-4688-ad4e-f425a3d5d2dd\"\n               data-description=\"\"\n               data-image-slug=\"60c6d62c-a763-4688-ad4e-f425a3d5d2dd\"\n               class=\"ngg-simplelightbox\" rel=\"0501e2b59da774e0bc9613e32029c2e2\">\n                <img\n                    title=\"60c6d62c-a763-4688-ad4e-f425a3d5d2dd\"\n                    alt=\"60c6d62c-a763-4688-ad4e-f425a3d5d2dd\"\n                    src=\"https:\/\/www.odvno.nl\/wp-content\/gallery\/fotos-bergwandeling-2019\/thumbs\/thumbs_60c6d62c-a763-4688-ad4e-f425a3d5d2dd.JPG\"\n                    width=\"240\"\n                    height=\"160\"\n                    style=\"max-width:100%;\"\n                \/>\n            <\/a>\n        <\/div>\n\t\t\t\t\t\t\t<\/div> \n\t\t\t\n\t\t\t\t<div id=\"ngg-image-9\" class=\"ngg-gallery-thumbnail-box \" >\n\t\t\t\t        <div class=\"ngg-gallery-thumbnail\">\n            <a href=\"https:\/\/www.odvno.nl\/wp-content\/gallery\/fotos-bergwandeling-2019\/524d1b97-2319-42e9-87a0-f72dba1fc032.JPG\"\n               title=\"\"\n               data-src=\"https:\/\/www.odvno.nl\/wp-content\/gallery\/fotos-bergwandeling-2019\/524d1b97-2319-42e9-87a0-f72dba1fc032.JPG\"\n               data-thumbnail=\"https:\/\/www.odvno.nl\/wp-content\/gallery\/fotos-bergwandeling-2019\/thumbs\/thumbs_524d1b97-2319-42e9-87a0-f72dba1fc032.JPG\"\n               data-image-id=\"4016\"\n               data-title=\"524d1b97-2319-42e9-87a0-f72dba1fc032\"\n               data-description=\"\"\n               data-image-slug=\"524d1b97-2319-42e9-87a0-f72dba1fc032\"\n               class=\"ngg-simplelightbox\" rel=\"0501e2b59da774e0bc9613e32029c2e2\">\n                <img\n                    title=\"524d1b97-2319-42e9-87a0-f72dba1fc032\"\n                    alt=\"524d1b97-2319-42e9-87a0-f72dba1fc032\"\n                    src=\"https:\/\/www.odvno.nl\/wp-content\/gallery\/fotos-bergwandeling-2019\/thumbs\/thumbs_524d1b97-2319-42e9-87a0-f72dba1fc032.JPG\"\n                    width=\"240\"\n                    height=\"160\"\n                    style=\"max-width:100%;\"\n                \/>\n            <\/a>\n        <\/div>\n\t\t\t\t\t\t\t<\/div> \n\t\t\t\n\t\t\t\t<div id=\"ngg-image-10\" class=\"ngg-gallery-thumbnail-box \" >\n\t\t\t\t        <div class=\"ngg-gallery-thumbnail\">\n            <a href=\"https:\/\/www.odvno.nl\/wp-content\/gallery\/fotos-bergwandeling-2019\/74173e77-2495-43f1-89ba-319482c93133.JPG\"\n               title=\"\"\n               data-src=\"https:\/\/www.odvno.nl\/wp-content\/gallery\/fotos-bergwandeling-2019\/74173e77-2495-43f1-89ba-319482c93133.JPG\"\n               data-thumbnail=\"https:\/\/www.odvno.nl\/wp-content\/gallery\/fotos-bergwandeling-2019\/thumbs\/thumbs_74173e77-2495-43f1-89ba-319482c93133.JPG\"\n               data-image-id=\"4017\"\n               data-title=\"74173e77-2495-43f1-89ba-319482c93133\"\n               data-description=\"\"\n               data-image-slug=\"74173e77-2495-43f1-89ba-319482c93133\"\n               class=\"ngg-simplelightbox\" rel=\"0501e2b59da774e0bc9613e32029c2e2\">\n                <img\n                    title=\"74173e77-2495-43f1-89ba-319482c93133\"\n                    alt=\"74173e77-2495-43f1-89ba-319482c93133\"\n                    src=\"https:\/\/www.odvno.nl\/wp-content\/gallery\/fotos-bergwandeling-2019\/thumbs\/thumbs_74173e77-2495-43f1-89ba-319482c93133.JPG\"\n                    width=\"240\"\n                    height=\"160\"\n                    style=\"max-width:100%;\"\n                \/>\n            <\/a>\n        <\/div>\n\t\t\t\t\t\t\t<\/div> \n\t\t\t\n\t\t\t\t<div id=\"ngg-image-11\" class=\"ngg-gallery-thumbnail-box \" >\n\t\t\t\t        <div class=\"ngg-gallery-thumbnail\">\n            <a href=\"https:\/\/www.odvno.nl\/wp-content\/gallery\/fotos-bergwandeling-2019\/adfcfa78-8420-4d80-ad87-af6a4fcf0ea5.JPG\"\n               title=\"\"\n               data-src=\"https:\/\/www.odvno.nl\/wp-content\/gallery\/fotos-bergwandeling-2019\/adfcfa78-8420-4d80-ad87-af6a4fcf0ea5.JPG\"\n               data-thumbnail=\"https:\/\/www.odvno.nl\/wp-content\/gallery\/fotos-bergwandeling-2019\/thumbs\/thumbs_adfcfa78-8420-4d80-ad87-af6a4fcf0ea5.JPG\"\n               data-image-id=\"4018\"\n               data-title=\"adfcfa78-8420-4d80-ad87-af6a4fcf0ea5\"\n               data-description=\"\"\n               data-image-slug=\"adfcfa78-8420-4d80-ad87-af6a4fcf0ea5\"\n               class=\"ngg-simplelightbox\" rel=\"0501e2b59da774e0bc9613e32029c2e2\">\n                <img\n                    title=\"adfcfa78-8420-4d80-ad87-af6a4fcf0ea5\"\n                    alt=\"adfcfa78-8420-4d80-ad87-af6a4fcf0ea5\"\n                    src=\"https:\/\/www.odvno.nl\/wp-content\/gallery\/fotos-bergwandeling-2019\/thumbs\/thumbs_adfcfa78-8420-4d80-ad87-af6a4fcf0ea5.JPG\"\n                    width=\"240\"\n                    height=\"160\"\n                    style=\"max-width:100%;\"\n                \/>\n            <\/a>\n        <\/div>\n\t\t\t\t\t\t\t<\/div> \n\t\t\t\n\t\t\t\t<div id=\"ngg-image-12\" class=\"ngg-gallery-thumbnail-box \" >\n\t\t\t\t        <div class=\"ngg-gallery-thumbnail\">\n            <a href=\"https:\/\/www.odvno.nl\/wp-content\/gallery\/fotos-bergwandeling-2019\/db678ea0-a9e5-4d98-bbd2-800a117af966.JPG\"\n               title=\"\"\n               data-src=\"https:\/\/www.odvno.nl\/wp-content\/gallery\/fotos-bergwandeling-2019\/db678ea0-a9e5-4d98-bbd2-800a117af966.JPG\"\n               data-thumbnail=\"https:\/\/www.odvno.nl\/wp-content\/gallery\/fotos-bergwandeling-2019\/thumbs\/thumbs_db678ea0-a9e5-4d98-bbd2-800a117af966.JPG\"\n               data-image-id=\"4019\"\n               data-title=\"db678ea0-a9e5-4d98-bbd2-800a117af966\"\n               data-description=\"\"\n               data-image-slug=\"db678ea0-a9e5-4d98-bbd2-800a117af966\"\n               class=\"ngg-simplelightbox\" rel=\"0501e2b59da774e0bc9613e32029c2e2\">\n                <img\n                    title=\"db678ea0-a9e5-4d98-bbd2-800a117af966\"\n                    alt=\"db678ea0-a9e5-4d98-bbd2-800a117af966\"\n                    src=\"https:\/\/www.odvno.nl\/wp-content\/gallery\/fotos-bergwandeling-2019\/thumbs\/thumbs_db678ea0-a9e5-4d98-bbd2-800a117af966.JPG\"\n                    width=\"240\"\n                    height=\"160\"\n                    style=\"max-width:100%;\"\n                \/>\n            <\/a>\n        <\/div>\n\t\t\t\t\t\t\t<\/div> \n\t\t\t\n\t\n\t<br style=\"clear: both\" \/>\n\n\t\n\t\t<!-- Pagination -->\n\t<div class='ngg-clear'><\/div>\t<\/div>\n<strong>De planning van de huttentocht Drei Zinnen (Itali\u00eb) is als volgt:<\/strong><\/p>\n<p>Vertrekpunt: Sexten.<\/p>\n<p>Afstand vanuit Venlo: 900 km<\/p>\n<p><strong>Dag 1<br \/>\n<\/strong>Vanuit Moos via Talschlussh\u00fctte naar Drei Zinnen H\u00fctte.<\/p>\n<p>Afstand &nbsp;&nbsp;&nbsp;&nbsp;&nbsp;&nbsp;&nbsp; 8,9\u202fkm<br \/>\nDuur&nbsp;&nbsp;&nbsp;&nbsp;&nbsp;&nbsp;&nbsp;&nbsp;&nbsp;&nbsp;&nbsp; 3:29 u<br \/>\nKlimmen &nbsp;&nbsp;&nbsp;&nbsp;&nbsp; 1052\u202fm<br \/>\nAfdalen &nbsp;&nbsp;&nbsp;&nbsp;&nbsp;&nbsp;&nbsp; 0\u202fm<\/p>\n<p><a href=\"http:\/\/www.dreizinnenhuette.com\/\">http:\/\/www.dreizinnenhuette.com\/<\/a><\/p>\n<p><a href=\"https:\/\/tochtenwiki.nkbv.nl\/nl\/tour\/wandeling\/drei-zinnen-dag-1\/113951145\/?share=%7Ezftrraht%244ossirbk\">https:\/\/tochtenwiki.nkbv.nl\/nl\/tour\/wandeling\/drei-zinnen-dag-1\/113951145\/?share=%7Ezftrraht%244ossirbk<\/a><\/p>\n<p>Aansluitend mogelijkheid Klettersteig Toblinger Knoten (vanaf hut 1-1,5 uur)<\/p>\n<p><strong>Dag 2<br \/>\n<\/strong>Van Drei Zinnen H\u00fctte naar Rifugio Monte Piana-A Bosi<\/p>\n<p>Afstand &nbsp;&nbsp;&nbsp;&nbsp;&nbsp;&nbsp;&nbsp; 9,4\u202fkm<br \/>\nDuur &nbsp;&nbsp;&nbsp;&nbsp;&nbsp;&nbsp;&nbsp;&nbsp;&nbsp;&nbsp; 3:39 u<br \/>\nKlimmen&nbsp;&nbsp;&nbsp;&nbsp;&nbsp;&nbsp; 707\u202fm<br \/>\nAfdalen&nbsp;&nbsp;&nbsp;&nbsp;&nbsp;&nbsp;&nbsp;&nbsp; 909\u202fm<\/p>\n<p><a href=\"http:\/\/www.montepiana.com\/rifugiobosi.htm\">http:\/\/www.montepiana.com\/rifugiobosi.htm<\/a><\/p>\n<p><a href=\"https:\/\/tochtenwiki.nkbv.nl\/nl\/tour\/wandeling\/drei-zinnen-dag-2\/113951157\/?share=%7Ezftrtp3p%244ossirbk\">https:\/\/tochtenwiki.nkbv.nl\/nl\/tour\/wandeling\/drei-zinnen-dag-2\/113951157\/?share=%7Ezftrtp3p%244ossirbk<\/a><\/p>\n<p>Aansluitend mogelijkheid Monte Piana en Monte Piano via een gemakkelijke Klettersteig te bereiken.<\/p>\n<p><strong>Dag 3<br \/>\n<\/strong>Van Rifugio Monte Piana-A Bosi naar Rifugio Citt\u00e0 di Carpi<\/p>\n<p>Afstand &nbsp;&nbsp;&nbsp;&nbsp;&nbsp;&nbsp;&nbsp; 11,9\u202fkm<br \/>\nDuur &nbsp;&nbsp;&nbsp;&nbsp;&nbsp;&nbsp;&nbsp;&nbsp;&nbsp;&nbsp; 4:10 u<br \/>\nKlimmen&nbsp;&nbsp;&nbsp;&nbsp;&nbsp;&nbsp; 552\u202fm<br \/>\nAfdalen &nbsp;&nbsp;&nbsp;&nbsp;&nbsp;&nbsp;&nbsp; 634\u202fm<\/p>\n<p><a href=\"http:\/\/rifugiocittadicarpi.com\">http:\/\/rifugiocittadicarpi.com<\/a><\/p>\n<p><a href=\"https:\/\/tochtenwiki.nkbv.nl\/nl\/tour\/wandeling\/drei-zinnen-dag-3\/113951193\/?share=%7Ezftrvvwp%244ossirbk\">https:\/\/tochtenwiki.nkbv.nl\/nl\/tour\/wandeling\/drei-zinnen-dag-3\/113951193\/?share=%7Ezftrvvwp%244ossirbk<\/a><\/p>\n<p><strong>Dag 4<br \/>\n<\/strong>Van Rifugio Citt\u00e0 di Carpi naar Rifugio Lavaredo (alternatief Rifugio Auronzo) Via Sentiero Bonacossa.<\/p>\n<p>Afstand &nbsp;&nbsp;&nbsp;&nbsp;&nbsp;&nbsp;&nbsp; 8,3\u202fkm<br \/>\nDuur &nbsp;&nbsp;&nbsp;&nbsp;&nbsp;&nbsp;&nbsp;&nbsp;&nbsp;&nbsp; 5:13 u<br \/>\nKlimmen&nbsp;&nbsp;&nbsp;&nbsp;&nbsp;&nbsp; 1062\u202fm<br \/>\nAfdalen&nbsp;&nbsp;&nbsp;&nbsp;&nbsp;&nbsp;&nbsp;&nbsp; 839\u202fm<\/p>\n<p>h<a href=\"http:\/\/www.rifugiolavaredo.com\/home.html\">ttp:\/\/www.rifugiolavaredo.com\/home.html<\/a><\/p>\n<p><a href=\"https:\/\/www.rifugioauronzo.it\/\">https:\/\/www.rifugioauronzo.it\/<\/a><\/p>\n<p><a href=\"https:\/\/tochtenwiki.nkbv.nl\/nl\/tour\/klettersteig\/drei-zinnen-dag-4\/113951257\/?share=%7Ezfttzamx%244ossirbm\">https:\/\/tochtenwiki.nkbv.nl\/nl\/tour\/klettersteig\/drei-zinnen-dag-4\/113951257\/?share=%7Ezfttzamx%244ossirbm<\/a><\/p>\n<p><strong>Dag 5<br \/>\n<\/strong>Van Rifugio Lavaredo (alternatief Rifugio Auronzo) naar Zsigmondi Comici H\u00fctte<\/p>\n<p>Route via Drei Zinnen H\u00fctte, Kriegssteig De Luca \u2013 Innerkofler (tunnel) naar Paternkofel en via Schartenweg en B\u00fcllelejochh\u00fctte.<\/p>\n<p>Afstand&nbsp;&nbsp;&nbsp;&nbsp;&nbsp;&nbsp;&nbsp;&nbsp; 8,4\u202fkm<br \/>\nDuur&nbsp;&nbsp;&nbsp;&nbsp;&nbsp;&nbsp;&nbsp;&nbsp;&nbsp;&nbsp;&nbsp; 5:01 u<br \/>\nKlimmen &nbsp;&nbsp;&nbsp;&nbsp;&nbsp; 652\u202fm<\/p>\n<p>Afdalen&nbsp;&nbsp;&nbsp;&nbsp;&nbsp;&nbsp;&nbsp;&nbsp; 777\u202fm<\/p>\n<p><a href=\"http:\/\/www.zsigmondyhuette.com\/de\/willkommen.html\">http:\/\/www.zsigmondyhuette.com\/de\/willkommen.html<\/a><\/p>\n<p><a href=\"https:\/\/tochtenwiki.nkbv.nl\/nl\/tour\/klettersteig\/drei-zinnen-dag-5\/113951302\/?share=%7Ezfttswxz%244ossirbm\">https:\/\/tochtenwiki.nkbv.nl\/nl\/tour\/klettersteig\/drei-zinnen-dag-5\/113951302\/?share=%7Ezfttswxz%244ossirbm<\/a><\/p>\n<p><strong>Dag 6<br \/>\n<\/strong>Van Zsigmondi Comici H\u00fctte via Alpini Steig en Fishleinboden naar Sexten (Moos)<\/p>\n<p>Afstand&nbsp;&nbsp;&nbsp;&nbsp;&nbsp;&nbsp;&nbsp;&nbsp; 12,5\u202fkm<br \/>\nDuur&nbsp;&nbsp;&nbsp;&nbsp;&nbsp;&nbsp;&nbsp;&nbsp;&nbsp;&nbsp;&nbsp; 5:03 u<br \/>\nKlimmen&nbsp;&nbsp;&nbsp;&nbsp;&nbsp;&nbsp; 760\u202fm<br \/>\nAfdalen&nbsp;&nbsp;&nbsp;&nbsp;&nbsp;&nbsp;&nbsp;&nbsp; 1628\u202fm<\/p>\n<p><a href=\"https:\/\/tochtenwiki.nkbv.nl\/nl\/tour\/wandeling\/drei-zinnen-dag-6\/113951531\/?share=%7Ezfttdesx%244ossirbo\">https:\/\/tochtenwiki.nkbv.nl\/nl\/tour\/wandeling\/drei-zinnen-dag-6\/113951531\/?share=%7Ezfttdesx%244ossirbo<\/a><\/p>\n","protected":false},"excerpt":{"rendered":"<p>De planning van de huttentocht Drei Zinnen (Itali\u00eb) is als volgt: Vertrekpunt: Sexten. Afstand vanuit Venlo: 900 km Dag 1 Vanuit Moos via Talschlussh\u00fctte naar Drei Zinnen H\u00fctte. Afstand &nbsp;&nbsp;&nbsp;&nbsp;&nbsp;&nbsp;&nbsp; 8,9\u202fkm Duur&nbsp;&nbsp;&nbsp;&nbsp;&nbsp;&nbsp;&nbsp;&nbsp;&nbsp;&nbsp;&nbsp; 3:29 u Klimmen &nbsp;&nbsp;&nbsp;&nbsp;&nbsp; 1052\u202fm Afdalen &nbsp;&nbsp;&nbsp;&nbsp;&nbsp;&nbsp;&nbsp; 0\u202fm&hellip; <\/p>\n","protected":false},"author":1,"featured_media":0,"parent":0,"menu_order":0,"comment_status":"closed","ping_status":"closed","template":"","meta":{"ngg_post_thumbnail":0},"_links":{"self":[{"href":"https:\/\/www.odvno.nl\/index.php?rest_route=\/wp\/v2\/pages\/2042"}],"collection":[{"href":"https:\/\/www.odvno.nl\/index.php?rest_route=\/wp\/v2\/pages"}],"about":[{"href":"https:\/\/www.odvno.nl\/index.php?rest_route=\/wp\/v2\/types\/page"}],"author":[{"embeddable":true,"href":"https:\/\/www.odvno.nl\/index.php?rest_route=\/wp\/v2\/users\/1"}],"replies":[{"embeddable":true,"href":"https:\/\/www.odvno.nl\/index.php?rest_route=%2Fwp%2Fv2%2Fcomments&post=2042"}],"version-history":[{"count":5,"href":"https:\/\/www.odvno.nl\/index.php?rest_route=\/wp\/v2\/pages\/2042\/revisions"}],"predecessor-version":[{"id":2329,"href":"https:\/\/www.odvno.nl\/index.php?rest_route=\/wp\/v2\/pages\/2042\/revisions\/2329"}],"wp:attachment":[{"href":"https:\/\/www.odvno.nl\/index.php?rest_route=%2Fwp%2Fv2%2Fmedia&parent=2042"}],"curies":[{"name":"wp","href":"https:\/\/api.w.org\/{rel}","templated":true}]}}